{"id":2130,"date":"2025-03-14T11:33:20","date_gmt":"2025-03-14T15:33:20","guid":{"rendered":"https:\/\/evaluationdepropriete.com\/a-propos\/"},"modified":"2025-04-28T16:25:11","modified_gmt":"2025-04-28T20:25:11","slug":"a-propos","status":"publish","type":"page","link":"https:\/\/evaluationdepropriete.com\/es\/a-propos\/","title":{"rendered":"Nosotros"},"content":{"rendered":"\t\t<div data-elementor-type=\"wp-page\" data-elementor-id=\"2130\" class=\"elementor elementor-2130 elementor-986\" data-elementor-post-type=\"page\">\n\t\t\t\t<div class=\"elementor-element elementor-element-c6fba6a e-con-full e-flex e-con e-parent\" data-id=\"c6fba6a\" data-element_type=\"container\" data-settings=\"{&quot;background_background&quot;:&quot;classic&quot;}\">\n\t\t<div class=\"elementor-element elementor-element-d426cf9 e-con-full e-flex e-con e-child\" data-id=\"d426cf9\" data-element_type=\"container\">\n\t\t\t\t<div class=\"elementor-element elementor-element-4e23a14 elementor-widget elementor-widget-heading\" data-id=\"4e23a14\" data-element_type=\"widget\" data-widget_type=\"heading.default\">\n\t\t\t\t<div class=\"elementor-widget-container\">\n\t\t\t<h1 class=\"elementor-heading-title elementor-size-default\">Un acompa\u00f1amiento inmobiliario basado en la <b>confianza<\/b>, la transparencia y la experiencia \n\n<\/h1>\t\t<\/div>\n\t\t\t\t<\/div>\n\t\t\t\t<div class=\"elementor-element elementor-element-d1e4d09 elementor-widget__width-initial elementor-widget-mobile__width-initial elementor-widget elementor-widget-text-editor\" data-id=\"d1e4d09\" data-element_type=\"widget\" data-widget_type=\"text-editor.default\">\n\t\t\t\t<div class=\"elementor-widget-container\">\n\t\t\t\t\t\t\t<p>Comprar una propiedad es un proyecto de vida importante. Por eso, nuestro equipo de profesionales en <b>evaluaci\u00f3n inmobiliaria<\/b> lo gu\u00eda en cada etapa con un enfoque humano, claro y personalizado.<\/p>\n<p>Nos aseguramos de que cada decisi\u00f3n se tome con total <b>confianza<\/b>, garantizando un acompa\u00f1amiento estructurado de principio a fin.<\/p>\t\t\t\t\t\t<\/div>\n\t\t\t\t<\/div>\n\t\t\t\t<div class=\"elementor-element elementor-element-e7ebd9f elementor-tablet-align-center elementor-widget-tablet__width-inherit elementor-widget elementor-widget-button\" data-id=\"e7ebd9f\" data-element_type=\"widget\" data-widget_type=\"button.default\">\n\t\t\t\t<div class=\"elementor-widget-container\">\n\t\t\t\t\t\t\t<div class=\"elementor-button-wrapper\">\n\t\t\t\t\t<a class=\"elementor-button elementor-button-link elementor-size-sm\" href=\"https:\/\/evaluationdepropriete.com\/es\/acheter\/\" target=\"_blank\" id=\"Acheter\">\n\t\t\t\t\t\t<span class=\"elementor-button-content-wrapper\">\n\t\t\t\t\t\t\t\t\t<span class=\"elementor-button-text\">Perm\u00edtenos acompa\u00f1arte.<\/span>\n\t\t\t\t\t<\/span>\n\t\t\t\t\t<\/a>\n\t\t\t\t<\/div>\n\t\t\t\t\t\t<\/div>\n\t\t\t\t<\/div>\n\t\t\t\t<\/div>\n\t\t\t\t<\/div>\n\t\t<div class=\"elementor-element elementor-element-9509761 e-flex e-con-boxed e-con e-parent\" data-id=\"9509761\" data-element_type=\"container\">\n\t\t\t\t\t<div class=\"e-con-inner\">\n\t\t<div class=\"elementor-element elementor-element-dca483b e-con-full e-flex e-con e-child\" data-id=\"dca483b\" data-element_type=\"container\" data-settings=\"{&quot;background_background&quot;:&quot;classic&quot;}\">\n\t\t<div class=\"elementor-element elementor-element-4af7080 e-con-full e-flex e-con e-child\" data-id=\"4af7080\" data-element_type=\"container\">\n\t\t<div class=\"elementor-element elementor-element-a8b3e07 e-con-full e-flex e-con e-child\" data-id=\"a8b3e07\" data-element_type=\"container\">\n\t\t\t\t<div class=\"elementor-element elementor-element-e684000 elementor-widget__width-initial elementor-widget elementor-widget-heading\" data-id=\"e684000\" data-element_type=\"widget\" data-widget_type=\"heading.default\">\n\t\t\t\t<div class=\"elementor-widget-container\">\n\t\t\t<h2 class=\"elementor-heading-title elementor-size-default\"> <strong>Una visi\u00f3n clara para una compra inmobiliaria<\/strong><\/h2>\t\t<\/div>\n\t\t\t\t<\/div>\n\t\t\t\t<div class=\"elementor-element elementor-element-e013eb5 elementor-widget__width-initial elementor-widget elementor-widget-text-editor\" data-id=\"e013eb5\" data-element_type=\"widget\" data-widget_type=\"text-editor.default\">\n\t\t\t\t<div class=\"elementor-widget-container\">\n\t\t\t\t\t\t\tEn \u00c9valuation de Propri\u00e9t\u00e9, creemos que comprar un inmueble nunca deber\u00eda ser una fuente de incertidumbre.<\/br>\nEl papel de nuestros profesionales es informarle, asesorarle y representarle con rigor, para que cada etapa sea sencilla y transparente.\t\t\t\t\t\t<\/div>\n\t\t\t\t<\/div>\n\t\t\t\t<\/div>\n\t\t<div class=\"elementor-element elementor-element-df1069b e-con-full e-flex e-con e-child\" data-id=\"df1069b\" data-element_type=\"container\">\n\t\t<div class=\"elementor-element elementor-element-ee96aba e-con-full e-flex e-con e-child\" data-id=\"ee96aba\" data-element_type=\"container\" data-settings=\"{&quot;background_background&quot;:&quot;classic&quot;}\">\n\t\t\t\t<div class=\"elementor-element elementor-element-55dc02c elementor-widget__width-initial elementor-widget elementor-widget-image\" data-id=\"55dc02c\" data-element_type=\"widget\" data-widget_type=\"image.default\">\n\t\t\t\t<div class=\"elementor-widget-container\">\n\t\t\t\t\t\t\t\t\t\t\t\t\t<img decoding=\"async\" width=\"114\" height=\"65\" src=\"https:\/\/evaluationdepropriete.com\/wp-content\/uploads\/2024\/04\/logo_evaluation1-2.png\" class=\"attachment-large size-large wp-image-693\" alt=\"\" title=\"\">\t\t\t\t\t\t\t\t\t\t\t\t\t<\/div>\n\t\t\t\t<\/div>\n\t\t\t\t<div class=\"elementor-element elementor-element-e5412cb elementor-widget__width-initial elementor-widget-mobile__width-initial elementor-widget elementor-widget-heading\" data-id=\"e5412cb\" data-element_type=\"widget\" data-widget_type=\"heading.default\">\n\t\t\t\t<div class=\"elementor-widget-container\">\n\t\t\t<h3 class=\"elementor-heading-title elementor-size-default\"><strong>B\u00fasqueda espec\u00edfica<\/strong><\/h3>\t\t<\/div>\n\t\t\t\t<\/div>\n\t\t\t\t<div class=\"elementor-element elementor-element-303f530 elementor-widget__width-initial elementor-widget elementor-widget-text-editor\" data-id=\"303f530\" data-element_type=\"widget\" data-widget_type=\"text-editor.default\">\n\t\t\t\t<div class=\"elementor-widget-container\">\n\t\t\t\t\t\t\tIdentificamos las propiedades que cumplen con tus criterios.\t\t\t\t\t\t<\/div>\n\t\t\t\t<\/div>\n\t\t\t\t<\/div>\n\t\t<div class=\"elementor-element elementor-element-1a50019 e-con-full e-flex e-con e-child\" data-id=\"1a50019\" data-element_type=\"container\" data-settings=\"{&quot;background_background&quot;:&quot;classic&quot;}\">\n\t\t\t\t<div class=\"elementor-element elementor-element-e8681d8 elementor-widget__width-initial elementor-widget elementor-widget-image\" data-id=\"e8681d8\" data-element_type=\"widget\" data-widget_type=\"image.default\">\n\t\t\t\t<div class=\"elementor-widget-container\">\n\t\t\t\t\t\t\t\t\t\t\t\t\t<img decoding=\"async\" width=\"114\" height=\"65\" src=\"https:\/\/evaluationdepropriete.com\/wp-content\/uploads\/2024\/04\/logo_evaluation1-2.png\" class=\"attachment-large size-large wp-image-693\" alt=\"\" title=\"\">\t\t\t\t\t\t\t\t\t\t\t\t\t<\/div>\n\t\t\t\t<\/div>\n\t\t\t\t<div class=\"elementor-element elementor-element-6610e72 elementor-widget__width-initial elementor-widget-mobile__width-initial elementor-widget elementor-widget-heading\" data-id=\"6610e72\" data-element_type=\"widget\" data-widget_type=\"heading.default\">\n\t\t\t\t<div class=\"elementor-widget-container\">\n\t\t\t<h3 class=\"elementor-heading-title elementor-size-default\"><strong>An\u00e1lisis riguroso<\/strong><\/h3>\t\t<\/div>\n\t\t\t\t<\/div>\n\t\t\t\t<div class=\"elementor-element elementor-element-17939b3 elementor-widget__width-initial elementor-widget elementor-widget-text-editor\" data-id=\"17939b3\" data-element_type=\"widget\" data-widget_type=\"text-editor.default\">\n\t\t\t\t<div class=\"elementor-widget-container\">\n\t\t\t\t\t\t\tExaminamos los documentos importantes contigo y respondemos a tus preguntas.\t\t\t\t\t\t<\/div>\n\t\t\t\t<\/div>\n\t\t\t\t<\/div>\n\t\t<div class=\"elementor-element elementor-element-025ae4e e-con-full e-flex e-con e-child\" data-id=\"025ae4e\" data-element_type=\"container\" data-settings=\"{&quot;background_background&quot;:&quot;classic&quot;}\">\n\t\t\t\t<div class=\"elementor-element elementor-element-8ba3a33 elementor-widget__width-initial elementor-widget elementor-widget-image\" data-id=\"8ba3a33\" data-element_type=\"widget\" data-widget_type=\"image.default\">\n\t\t\t\t<div class=\"elementor-widget-container\">\n\t\t\t\t\t\t\t\t\t\t\t\t\t<img decoding=\"async\" width=\"114\" height=\"65\" src=\"https:\/\/evaluationdepropriete.com\/wp-content\/uploads\/2024\/04\/logo_evaluation1-2.png\" class=\"attachment-large size-large wp-image-693\" alt=\"\" title=\"\">\t\t\t\t\t\t\t\t\t\t\t\t\t<\/div>\n\t\t\t\t<\/div>\n\t\t\t\t<div class=\"elementor-element elementor-element-8334401 elementor-widget__width-initial elementor-widget-mobile__width-initial elementor-widget elementor-widget-heading\" data-id=\"8334401\" data-element_type=\"widget\" data-widget_type=\"heading.default\">\n\t\t\t\t<div class=\"elementor-widget-container\">\n\t\t\t<h3 class=\"elementor-heading-title elementor-size-default\"><strong>Planificaci\u00f3n<\/strong><\/h3>\t\t<\/div>\n\t\t\t\t<\/div>\n\t\t\t\t<div class=\"elementor-element elementor-element-b08e1ed elementor-widget__width-initial elementor-widget elementor-widget-text-editor\" data-id=\"b08e1ed\" data-element_type=\"widget\" data-widget_type=\"text-editor.default\">\n\t\t\t\t<div class=\"elementor-widget-container\">\n\t\t\t\t\t\t\tCoordinamos las visitas de las propiedades seleccionadas para ti\t\t\t\t\t\t<\/div>\n\t\t\t\t<\/div>\n\t\t\t\t<\/div>\n\t\t\t\t<\/div>\n\t\t\t\t<\/div>\n\t\t\t\t<\/div>\n\t\t\t\t\t<\/div>\n\t\t\t\t<\/div>\n\t\t<div class=\"elementor-element elementor-element-652c5bc e-con-full e-flex e-con e-parent\" data-id=\"652c5bc\" data-element_type=\"container\">\n\t\t<div class=\"elementor-element elementor-element-3bfd17f e-con-full e-flex e-con e-child\" data-id=\"3bfd17f\" data-element_type=\"container\" data-settings=\"{&quot;background_background&quot;:&quot;classic&quot;}\">\n\t\t\t\t<\/div>\n\t\t<div class=\"elementor-element elementor-element-7977a13 e-con-full e-flex e-con e-child\" data-id=\"7977a13\" data-element_type=\"container\" data-settings=\"{&quot;background_background&quot;:&quot;classic&quot;}\">\n\t\t<div class=\"elementor-element elementor-element-4de3b6b e-con-full e-flex e-con e-child\" data-id=\"4de3b6b\" data-element_type=\"container\" data-settings=\"{&quot;background_background&quot;:&quot;classic&quot;}\">\n\t\t<div class=\"elementor-element elementor-element-108dd01 e-con-full e-flex e-con e-child\" data-id=\"108dd01\" data-element_type=\"container\">\n\t\t\t\t<div class=\"elementor-element elementor-element-5f806a0 elementor-widget__width-initial elementor-widget elementor-widget-heading\" data-id=\"5f806a0\" data-element_type=\"widget\" data-widget_type=\"heading.default\">\n\t\t\t\t<div class=\"elementor-widget-container\">\n\t\t\t<h2 class=\"elementor-heading-title elementor-size-default\"><strong>Un enfoque profesional en cada etapa<\/strong><\/h2>\t\t<\/div>\n\t\t\t\t<\/div>\n\t\t\t\t<div class=\"elementor-element elementor-element-e0bb415 elementor-widget__width-initial elementor-widget elementor-widget-text-editor\" data-id=\"e0bb415\" data-element_type=\"widget\" data-widget_type=\"text-editor.default\">\n\t\t\t\t<div class=\"elementor-widget-container\">\n\t\t\t\t\t\t\t<p><span style=\"font-weight: 400;\">Nuestros <b>profesionales inmobiliarios<\/b> lo acompa\u00f1an mucho m\u00e1s all\u00e1 de la visita de un inmueble.<\/span><\/p>\n<ul>\n \t<li style=\"font-weight: 400;\" aria-level=\"1\"><span style=\"font-weight: 400;\">Preparaci\u00f3n de la oferta de compra<\/span><\/li>\n \t<li style=\"font-weight: 400;\" aria-level=\"1\"><span style=\"font-weight: 400;\">Presencia durante la presentaci\u00f3n<\/span><\/li>\n \t<li style=\"font-weight: 400;\" aria-level=\"1\"><span style=\"font-weight: 400;\">Lectura e interpretaci\u00f3n del informe de inspecci\u00f3n<\/span><\/li>\n \t<li style=\"font-weight: 400;\" aria-level=\"1\"><span style=\"font-weight: 400;\">Seguimiento del expediente hasta el cierre de la transacci\u00f3n<\/span><\/li>\n<\/ul>\n<span style=\"font-weight: 400;\">Como profesionales, lo mantenemos informado de todo, con total <b>transparencia<\/b>.<\/span>\t\t\t\t\t\t<\/div>\n\t\t\t\t<\/div>\n\t\t\t\t<\/div>\n\t\t<div class=\"elementor-element elementor-element-53ce1dd e-con-full e-flex e-con e-child\" data-id=\"53ce1dd\" data-element_type=\"container\">\n\t\t\t\t<\/div>\n\t\t\t\t<\/div>\n\t\t\t\t<\/div>\n\t\t\t\t<\/div>\n\t\t<div class=\"elementor-element elementor-element-5738f13 e-con-full e-flex e-con e-parent\" data-id=\"5738f13\" data-element_type=\"container\" data-settings=\"{&quot;background_background&quot;:&quot;classic&quot;}\">\n\t\t<div class=\"elementor-element elementor-element-609ca45 e-con-full e-flex e-con e-child\" data-id=\"609ca45\" data-element_type=\"container\">\n\t\t\t\t<div class=\"elementor-element elementor-element-66b8584 elementor-widget__width-initial elementor-widget elementor-widget-heading\" data-id=\"66b8584\" data-element_type=\"widget\" data-widget_type=\"heading.default\">\n\t\t\t\t<div class=\"elementor-widget-container\">\n\t\t\t<h2 class=\"elementor-heading-title elementor-size-default\"><strong>Nuestro compromiso hacia usted<\/strong><\/h2>\t\t<\/div>\n\t\t\t\t<\/div>\n\t\t<div class=\"elementor-element elementor-element-b11a476 e-con-full e-flex e-con e-child\" data-id=\"b11a476\" data-element_type=\"container\">\n\t\t\t\t<div class=\"elementor-element elementor-element-f5f6164 elementor-widget elementor-widget-text-editor\" data-id=\"f5f6164\" data-element_type=\"widget\" data-widget_type=\"text-editor.default\">\n\t\t\t\t<div class=\"elementor-widget-container\">\n\t\t\t\t\t\t\t<p><span style=\"font-weight: 400;\">Sabemos que cada cliente es diferente. Por eso, nuestro equipo se compromete a:<\/span><\/p>\n\n<p>&#8211; Respetar sus criterios y necesidades<\/p>\n\n<p>&#8211; Ofrecerle una <b>evaluaci\u00f3n inmobiliaria<\/b> objetiva para cada propiedad visitada<\/p>\n\n<p>&#8211; Representarlo con escucha e integridad<\/p>\n\n<p>&#8211; Crear una <b>relaci\u00f3n de confianza<\/b> basada en la claridad y la comunicaci\u00f3n constante<\/p>\t\t\t\t\t\t<\/div>\n\t\t\t\t<\/div>\n\t\t\t\t<\/div>\n\t\t\t\t<\/div>\n\t\t\t\t<\/div>\n\t\t<div class=\"elementor-element elementor-element-a2600f7 e-con-full e-flex e-con e-parent\" data-id=\"a2600f7\" data-element_type=\"container\">\n\t\t<div class=\"elementor-element elementor-element-3b5e15f e-con-full e-flex e-con e-child\" data-id=\"3b5e15f\" data-element_type=\"container\" data-settings=\"{&quot;background_background&quot;:&quot;classic&quot;}\">\n\t\t\t\t<\/div>\n\t\t<div class=\"elementor-element elementor-element-ef8976e e-con-full e-flex e-con e-child\" data-id=\"ef8976e\" data-element_type=\"container\" data-settings=\"{&quot;background_background&quot;:&quot;classic&quot;}\">\n\t\t<div class=\"elementor-element elementor-element-f374b04 e-con-full e-flex e-con e-child\" data-id=\"f374b04\" data-element_type=\"container\" data-settings=\"{&quot;background_background&quot;:&quot;classic&quot;}\">\n\t\t<div class=\"elementor-element elementor-element-967b7f1 e-con-full e-flex e-con e-child\" data-id=\"967b7f1\" data-element_type=\"container\">\n\t\t\t\t<div class=\"elementor-element elementor-element-11c9e2e elementor-widget__width-initial elementor-widget elementor-widget-heading\" data-id=\"11c9e2e\" data-element_type=\"widget\" data-widget_type=\"heading.default\">\n\t\t\t\t<div class=\"elementor-widget-container\">\n\t\t\t<h2 class=\"elementor-heading-title elementor-size-default\"><strong>Un acompa\u00f1amiento inmobiliario pensado para usted, con cuidado y precisi\u00f3n<\/strong><\/h2>\t\t<\/div>\n\t\t\t\t<\/div>\n\t\t\t\t<div class=\"elementor-element elementor-element-f83e82f elementor-widget__width-initial elementor-widget elementor-widget-text-editor\" data-id=\"f83e82f\" data-element_type=\"widget\" data-widget_type=\"text-editor.default\">\n\t\t\t\t<div class=\"elementor-widget-container\">\n\t\t\t\t\t\t\t<p>La misi\u00f3n de nuestros profesionales es guiarle en la compra de su propiedad con un servicio atento, estructurado y humano. Cada proyecto es diferente, por eso se toman el tiempo para entender sus necesidades y objetivos.<\/p>\n<p>Creemos en un enfoque personalizado, donde la <b>confianza<\/b>, la <b>transparencia<\/b> y la <b>experiencia de nuestros profesionales<\/b> marcan la diferencia.<\/p>\t\t\t\t\t\t<\/div>\n\t\t\t\t<\/div>\n\t\t\t\t<div class=\"elementor-element elementor-element-30fbadb elementor-align-left elementor-widget elementor-widget-button\" data-id=\"30fbadb\" data-element_type=\"widget\" data-widget_type=\"button.default\">\n\t\t\t\t<div class=\"elementor-widget-container\">\n\t\t\t\t\t\t\t<div class=\"elementor-button-wrapper\">\n\t\t\t\t\t<a class=\"elementor-button elementor-button-link elementor-size-sm\" href=\"https:\/\/evaluationdepropriete.com\/es\/contact\/\">\n\t\t\t\t\t\t<span class=\"elementor-button-content-wrapper\">\n\t\t\t\t\t\t\t\t\t<span class=\"elementor-button-text\">Escr\u00edbanos<\/span>\n\t\t\t\t\t<\/span>\n\t\t\t\t\t<\/a>\n\t\t\t\t<\/div>\n\t\t\t\t\t\t<\/div>\n\t\t\t\t<\/div>\n\t\t\t\t<div class=\"elementor-element elementor-element-829b957 elementor-widget elementor-widget-text-editor\" data-id=\"829b957\" data-element_type=\"widget\" data-widget_type=\"text-editor.default\">\n\t\t\t\t<div class=\"elementor-widget-container\">\n\t\t\t\t\t\t\t<strong>Estamos aqu\u00ed para apoyarle en cada etapa de su proyecto<\/strong>\t\t\t\t\t\t<\/div>\n\t\t\t\t<\/div>\n\t\t\t\t<\/div>\n\t\t<div class=\"elementor-element elementor-element-2a36b38 e-con-full e-flex e-con e-child\" data-id=\"2a36b38\" data-element_type=\"container\">\n\t\t\t\t<\/div>\n\t\t\t\t<\/div>\n\t\t\t\t<\/div>\n\t\t\t\t<\/div>\n\t\t\t\t<\/div>\n\t\t","protected":false},"excerpt":{"rendered":"<p>Un acompa\u00f1amiento inmobiliario basado en la confianza, la transparencia y la experiencia Comprar una propiedad es un proyecto de vida importante. Por eso, nuestro equipo de profesionales en evaluaci\u00f3n inmobiliaria lo gu\u00eda en cada etapa con un enfoque humano, claro y personalizado. Nos aseguramos de que cada decisi\u00f3n se tome con total confianza, garantizando un [&hellip;]<\/p>\n","protected":false},"author":6,"featured_media":0,"parent":0,"menu_order":0,"comment_status":"closed","ping_status":"closed","template":"elementor_header_footer","meta":{"footnotes":""},"class_list":["post-2130","page","type-page","status-publish","hentry"],"_links":{"self":[{"href":"https:\/\/evaluationdepropriete.com\/es\/wp-json\/wp\/v2\/pages\/2130","targetHints":{"allow":["GET"]}}],"collection":[{"href":"https:\/\/evaluationdepropriete.com\/es\/wp-json\/wp\/v2\/pages"}],"about":[{"href":"https:\/\/evaluationdepropriete.com\/es\/wp-json\/wp\/v2\/types\/page"}],"author":[{"embeddable":true,"href":"https:\/\/evaluationdepropriete.com\/es\/wp-json\/wp\/v2\/users\/6"}],"replies":[{"embeddable":true,"href":"https:\/\/evaluationdepropriete.com\/es\/wp-json\/wp\/v2\/comments?post=2130"}],"version-history":[{"count":14,"href":"https:\/\/evaluationdepropriete.com\/es\/wp-json\/wp\/v2\/pages\/2130\/revisions"}],"predecessor-version":[{"id":2252,"href":"https:\/\/evaluationdepropriete.com\/es\/wp-json\/wp\/v2\/pages\/2130\/revisions\/2252"}],"wp:attachment":[{"href":"https:\/\/evaluationdepropriete.com\/es\/wp-json\/wp\/v2\/media?parent=2130"}],"curies":[{"name":"wp","href":"https:\/\/api.w.org\/{rel}","templated":true}]}}